{"id":9878,"date":"2017-07-18T16:42:09","date_gmt":"2017-07-18T14:42:09","guid":{"rendered":"https:\/\/adojo.de\/anfahrt"},"modified":"2024-08-13T12:53:40","modified_gmt":"2024-08-13T10:53:40","slug":"anfahrt","status":"publish","type":"page","link":"https:\/\/adojo.de\/en\/anfahrt","title":{"rendered":"Directions"},"content":{"rendered":"<p>How to find us:<\/p>\n<p class=\"Text\">The adojo GmbH is located in the heart of Nuremberg and is easily accessible by any means of transportation. To ensure you find your way to us without any hassle, we have prepared directions for you.<\/p>\n<p><strong>adojo GmbH<\/strong><br \/>\nK\u00f6nigstra\u00dfe 87 (6. OG)<br \/>\n90402 Nuremberg, Germany<\/p>\n<p>Tel.: <a href=\"tel:+4991124030050\" target=\"_blank\" rel=\"noopener noreferrer\">+49 911 24 030 050<\/a><br \/>\nE-Mail: <a href=\"mailto:info@adojo.de\" target=\"_blank\" rel=\"noopener noreferrer\">info@adojo.de<\/a><\/p>\n<div class=\"brlbs-cmpnt-container brlbs-cmpnt-content-blocker brlbs-cmpnt-with-individual-styles\" data-borlabs-cookie-content-blocker-id=\"google-maps\" data-borlabs-cookie-content=\"PGlmcmFtZSBzdHlsZT0iYm9yZGVyOiAwOyIgc3JjPSJodHRwczovL3d3dy5nb29nbGUuY29tL21hcHMvZW1iZWQ\/cGI9ITFtMTghMW0xMiExbTMhMWQ1MTg3Ljg0NzQwMTA0ODcxNyEyZDExLjA3Njk3NjMzMzU2NTU2OCEzZDQ5LjQ0ODE1OTA3OTM0OTY0NCEybTMhMWYwITJmMCEzZjAhM20yITFpMTAyNCEyaTc2OCE0ZjEzLjEhM20zITFtMiExczB4NDc5ZjU3YThkNGE2NWY2ZCUzQTB4ZDZmN2U3ZTY1Nzk0MDZhYyEyc0FnZW50dXIrYWRvam8rR21iSCE1ZTAhM20yITFzZGUhMnNkZSE0djE1MDA0NDU4MTI2MjEiIHdpZHRoPSI2MDAiIGhlaWdodD0iNjAwIiBmcmFtZWJvcmRlcj0iMCIgYWxsb3dmdWxsc2NyZWVuPSJhbGxvd2Z1bGxzY3JlZW4iPjwvaWZyYW1lPg==\">\n<div class=\"brlbs-cmpnt-cb-preset-b brlbs-cmpnt-cb-google-maps\">\n<div class=\"brlbs-cmpnt-cb-thumbnail\" style=\"background-image: url('https:\/\/adojo.de\/wp-content\/uploads\/borlabs-cookie\/1\/brlbs-cb-google-maps-main.png')\"><\/div>\n<div class=\"brlbs-cmpnt-cb-main\">\n<div class=\"brlbs-cmpnt-cb-content\">\n<p class=\"brlbs-cmpnt-cb-description\">You are currently viewing a placeholder content from <strong>Google Maps<\/strong>. To access the actual content, click the button below. Please note that doing so will share data with third-party providers.<\/p>\n<p> <a class=\"brlbs-cmpnt-cb-provider-toggle\" href=\"#\" data-borlabs-cookie-show-provider-information role=\"button\">More Information<\/a> <\/div>\n<div class=\"brlbs-cmpnt-cb-buttons\"> <a class=\"brlbs-cmpnt-cb-btn\" href=\"#\" data-borlabs-cookie-unblock role=\"button\">Unblock content<\/a> <a class=\"brlbs-cmpnt-cb-btn\" href=\"#\" data-borlabs-cookie-accept-service role=\"button\" style=\"display: inherit\">Accept required service and unblock content<\/a> <\/div>\n<\/p><\/div>\n<\/p><\/div>\n<\/div>\n<p class=\"Text\"><strong>On Foot from the Main Train Station:<\/strong><br \/>\nThe short walk from the main train station to adojo can be completed in 4 minutes. Simply follow the signs towards the city center and pass through the underpass towards the city center. After a slight incline to the right, cross the street and turn into the alley between the Tourist Information and the Sangam restaurant. The entrance is on the left side.<\/p>\n<p class=\"Text\"><strong>By Car:<\/strong><br \/>\nVia A9: Follow to Nuremberg and then take exit 52-Nuremberg-Fischbach towards B4 Nuremberg-Fischbach\/Nuremberg-Center\/Nuremberg-Messe. Continue on Regensburger Stra\u00dfe and after about 900 meters, turn right onto Marienstra\u00dfe\/Marientunnel. After 650 meters, turn left onto K\u00f6nigstorgraben and then right onto K\u00f6nigstra\u00dfe after 270 meters.<\/p>\n<p class=\"Text\">Via A73 and Frankenschnellweg: Take the exit towards the airport. After 400 meters, turn slightly left onto Jansenbr\u00fccke\/Maximilianstra\u00dfe\/B4R. Turn right onto F\u00fcrther Stra\u00dfe and drive towards Pl\u00e4rrer. Continue onto Frauentorgraben, Bahnhofsplatz. Turn left onto Marienstra\u00dfe, then after 260 meters, turn onto K\u00f6nigstorgraben and then onto K\u00f6nigsstra\u00dfe.<\/p>\n<p>Would you like to explore the city center of Nuremberg after your visit to <strong>adojo<\/strong> ? Then we have compiled our TOP highlights for you <strong><a href=\"https:\/\/adojo.de\/en\/sehenswuerdigkeiten-in-nuernberg\" target=\"_blank\" rel=\"noopener noreferrer\">here<\/a><\/strong>.<\/p>\n","protected":false},"excerpt":{"rendered":"<p>How to find us: The adojo GmbH is located in the heart of Nuremberg and is easily accessible by any means of transportation. To ensure you find your way to us without any hassle, we have prepared directions for you. adojo GmbH K\u00f6nigstra\u00dfe 87 (6. OG) 90402 Nuremberg, Germany Tel.: +49 911 24 030 050 [&hellip;]<\/p>\n","protected":false},"author":30,"featured_media":0,"parent":0,"menu_order":100,"comment_status":"closed","ping_status":"closed","template":"","meta":{"inline_featured_image":false,"site-sidebar-layout":"default","site-content-layout":"","ast-site-content-layout":"default","site-content-style":"default","site-sidebar-style":"default","ast-global-header-display":"","ast-banner-title-visibility":"","ast-main-header-display":"","ast-hfb-above-header-display":"","ast-hfb-below-header-display":"","ast-hfb-mobile-header-display":"","site-post-title":"","ast-breadcrumbs-content":"","ast-featured-img":"","footer-sml-layout":"","ast-disable-related-posts":"","theme-transparent-header-meta":"","adv-header-id-meta":"","stick-header-meta":"","header-above-stick-meta":"","header-main-stick-meta":"","header-below-stick-meta":"","astra-migrate-meta-layouts":"default","ast-page-background-enabled":"default","ast-page-background-meta":{"desktop":{"background-color":"","background-image":"","background-repeat":"repeat","background-position":"center center","background-size":"auto","background-attachment":"scroll","background-type":"","background-media":"","overlay-type":"","overlay-color":"","overlay-opacity":"","overlay-gradient":""},"tablet":{"background-color":"","background-image":"","background-repeat":"repeat","background-position":"center center","background-size":"auto","background-attachment":"scroll","background-type":"","background-media":"","overlay-type":"","overlay-color":"","overlay-opacity":"","overlay-gradient":""},"mobile":{"background-color":"","background-image":"","background-repeat":"repeat","background-position":"center center","background-size":"auto","background-attachment":"scroll","background-type":"","background-media":"","overlay-type":"","overlay-color":"","overlay-opacity":"","overlay-gradient":""}},"ast-content-background-meta":{"desktop":{"background-color":"var(--ast-global-color-5)","background-image":"","background-repeat":"repeat","background-position":"center center","background-size":"auto","background-attachment":"scroll","background-type":"","background-media":"","overlay-type":"","overlay-color":"","overlay-opacity":"","overlay-gradient":""},"tablet":{"background-color":"var(--ast-global-color-5)","background-image":"","background-repeat":"repeat","background-position":"center center","background-size":"auto","background-attachment":"scroll","background-type":"","background-media":"","overlay-type":"","overlay-color":"","overlay-opacity":"","overlay-gradient":""},"mobile":{"background-color":"var(--ast-global-color-5)","background-image":"","background-repeat":"repeat","background-position":"center center","background-size":"auto","background-attachment":"scroll","background-type":"","background-media":"","overlay-type":"","overlay-color":"","overlay-opacity":"","overlay-gradient":""}},"footnotes":""},"class_list":["post-9878","page","type-page","status-publish","hentry"],"yoast_head":"<!-- This site is optimized with the Yoast SEO plugin v27.2 - https:\/\/yoast.com\/product\/yoast-seo-wordpress\/ -->\n<title>Directions - adojo GmbH Nuremberg , Germany<\/title>\n<meta name=\"description\" content=\"Here&#039;s how to find the online marketing agency adojo GmbH in the heart of Nuremberg, Germany. We look forward to your visit! \u260e +49 911 24 030 050\" \/>\n<meta name=\"robots\" content=\"index, follow, max-snippet:-1, max-image-preview:large, max-video-preview:-1\" \/>\n<link rel=\"canonical\" href=\"https:\/\/adojo.de\/anfahrt\" \/>\n<meta property=\"og:locale\" content=\"en_US\" \/>\n<meta property=\"og:type\" content=\"article\" \/>\n<meta property=\"og:title\" content=\"Directions - adojo GmbH Nuremberg , Germany\" \/>\n<meta property=\"og:description\" content=\"Here&#039;s how to find the online marketing agency adojo GmbH in the heart of Nuremberg, Germany. We look forward to your visit! \u260e +49 911 24 030 050\" \/>\n<meta property=\"og:url\" content=\"https:\/\/adojo.de\/anfahrt\" \/>\n<meta property=\"og:site_name\" content=\"adojo GmbH\" \/>\n<meta property=\"article:modified_time\" content=\"2024-08-13T10:53:40+00:00\" \/>\n<meta name=\"twitter:card\" content=\"summary_large_image\" \/>\n<meta name=\"twitter:label1\" content=\"Est. reading time\" \/>\n\t<meta name=\"twitter:data1\" content=\"1 minute\" \/>\n<script type=\"application\/ld+json\" class=\"yoast-schema-graph\">{\"@context\":\"https:\/\/schema.org\",\"@graph\":[{\"@type\":\"WebPage\",\"@id\":\"https:\/\/adojo.de\/anfahrt\",\"url\":\"https:\/\/adojo.de\/anfahrt\",\"name\":\"Directions - adojo GmbH Nuremberg , Germany\",\"isPartOf\":{\"@id\":\"https:\/\/adojo.de\/#website\"},\"datePublished\":\"2017-07-18T14:42:09+00:00\",\"dateModified\":\"2024-08-13T10:53:40+00:00\",\"description\":\"Here's how to find the online marketing agency adojo GmbH in the heart of Nuremberg, Germany. We look forward to your visit! \u260e +49 911 24 030 050\",\"breadcrumb\":{\"@id\":\"https:\/\/adojo.de\/anfahrt#breadcrumb\"},\"inLanguage\":\"en-US\",\"potentialAction\":[{\"@type\":\"ReadAction\",\"target\":[\"https:\/\/adojo.de\/anfahrt\"]}]},{\"@type\":\"BreadcrumbList\",\"@id\":\"https:\/\/adojo.de\/anfahrt#breadcrumb\",\"itemListElement\":[{\"@type\":\"ListItem\",\"position\":1,\"name\":\"Startseite\",\"item\":\"https:\/\/adojo.de\/\"},{\"@type\":\"ListItem\",\"position\":2,\"name\":\"Directions\"}]},{\"@type\":\"WebSite\",\"@id\":\"https:\/\/adojo.de\/#website\",\"url\":\"https:\/\/adojo.de\/\",\"name\":\"adojo GmbH\",\"description\":\"\",\"publisher\":{\"@id\":\"https:\/\/adojo.de\/#organization\"},\"potentialAction\":[{\"@type\":\"SearchAction\",\"target\":{\"@type\":\"EntryPoint\",\"urlTemplate\":\"https:\/\/adojo.de\/?s={search_term_string}\"},\"query-input\":{\"@type\":\"PropertyValueSpecification\",\"valueRequired\":true,\"valueName\":\"search_term_string\"}}],\"inLanguage\":\"en-US\"},{\"@type\":\"Organization\",\"@id\":\"https:\/\/adojo.de\/#organization\",\"name\":\"adojo GmbH\",\"url\":\"https:\/\/adojo.de\/\",\"logo\":{\"@type\":\"ImageObject\",\"inLanguage\":\"en-US\",\"@id\":\"https:\/\/adojo.de\/#\/schema\/logo\/image\/\",\"url\":\"https:\/\/adojo.de\/wp-content\/uploads\/2020\/09\/cropped-LogoWeb-2.png\",\"contentUrl\":\"https:\/\/adojo.de\/wp-content\/uploads\/2020\/09\/cropped-LogoWeb-2.png\",\"width\":400,\"height\":400,\"caption\":\"adojo GmbH\"},\"image\":{\"@id\":\"https:\/\/adojo.de\/#\/schema\/logo\/image\/\"}}]}<\/script>\n<!-- \/ Yoast SEO plugin. -->","yoast_head_json":{"title":"Directions - adojo GmbH Nuremberg , Germany","description":"Here's how to find the online marketing agency adojo GmbH in the heart of Nuremberg, Germany. We look forward to your visit! \u260e +49 911 24 030 050","robots":{"index":"index","follow":"follow","max-snippet":"max-snippet:-1","max-image-preview":"max-image-preview:large","max-video-preview":"max-video-preview:-1"},"canonical":"https:\/\/adojo.de\/anfahrt","og_locale":"en_US","og_type":"article","og_title":"Directions - adojo GmbH Nuremberg , Germany","og_description":"Here's how to find the online marketing agency adojo GmbH in the heart of Nuremberg, Germany. We look forward to your visit! \u260e +49 911 24 030 050","og_url":"https:\/\/adojo.de\/anfahrt","og_site_name":"adojo GmbH","article_modified_time":"2024-08-13T10:53:40+00:00","twitter_card":"summary_large_image","twitter_misc":{"Est. reading time":"1 minute"},"schema":{"@context":"https:\/\/schema.org","@graph":[{"@type":"WebPage","@id":"https:\/\/adojo.de\/anfahrt","url":"https:\/\/adojo.de\/anfahrt","name":"Directions - adojo GmbH Nuremberg , Germany","isPartOf":{"@id":"https:\/\/adojo.de\/#website"},"datePublished":"2017-07-18T14:42:09+00:00","dateModified":"2024-08-13T10:53:40+00:00","description":"Here's how to find the online marketing agency adojo GmbH in the heart of Nuremberg, Germany. We look forward to your visit! \u260e +49 911 24 030 050","breadcrumb":{"@id":"https:\/\/adojo.de\/anfahrt#breadcrumb"},"inLanguage":"en-US","potentialAction":[{"@type":"ReadAction","target":["https:\/\/adojo.de\/anfahrt"]}]},{"@type":"BreadcrumbList","@id":"https:\/\/adojo.de\/anfahrt#breadcrumb","itemListElement":[{"@type":"ListItem","position":1,"name":"Startseite","item":"https:\/\/adojo.de\/"},{"@type":"ListItem","position":2,"name":"Directions"}]},{"@type":"WebSite","@id":"https:\/\/adojo.de\/#website","url":"https:\/\/adojo.de\/","name":"adojo GmbH","description":"","publisher":{"@id":"https:\/\/adojo.de\/#organization"},"potentialAction":[{"@type":"SearchAction","target":{"@type":"EntryPoint","urlTemplate":"https:\/\/adojo.de\/?s={search_term_string}"},"query-input":{"@type":"PropertyValueSpecification","valueRequired":true,"valueName":"search_term_string"}}],"inLanguage":"en-US"},{"@type":"Organization","@id":"https:\/\/adojo.de\/#organization","name":"adojo GmbH","url":"https:\/\/adojo.de\/","logo":{"@type":"ImageObject","inLanguage":"en-US","@id":"https:\/\/adojo.de\/#\/schema\/logo\/image\/","url":"https:\/\/adojo.de\/wp-content\/uploads\/2020\/09\/cropped-LogoWeb-2.png","contentUrl":"https:\/\/adojo.de\/wp-content\/uploads\/2020\/09\/cropped-LogoWeb-2.png","width":400,"height":400,"caption":"adojo GmbH"},"image":{"@id":"https:\/\/adojo.de\/#\/schema\/logo\/image\/"}}]}},"_links":{"self":[{"href":"https:\/\/adojo.de\/en\/wp-json\/wp\/v2\/pages\/9878","targetHints":{"allow":["GET"]}}],"collection":[{"href":"https:\/\/adojo.de\/en\/wp-json\/wp\/v2\/pages"}],"about":[{"href":"https:\/\/adojo.de\/en\/wp-json\/wp\/v2\/types\/page"}],"author":[{"embeddable":true,"href":"https:\/\/adojo.de\/en\/wp-json\/wp\/v2\/users\/30"}],"replies":[{"embeddable":true,"href":"https:\/\/adojo.de\/en\/wp-json\/wp\/v2\/comments?post=9878"}],"version-history":[{"count":4,"href":"https:\/\/adojo.de\/en\/wp-json\/wp\/v2\/pages\/9878\/revisions"}],"predecessor-version":[{"id":10144,"href":"https:\/\/adojo.de\/en\/wp-json\/wp\/v2\/pages\/9878\/revisions\/10144"}],"wp:attachment":[{"href":"https:\/\/adojo.de\/en\/wp-json\/wp\/v2\/media?parent=9878"}],"curies":[{"name":"wp","href":"https:\/\/api.w.org\/{rel}","templated":true}]}}