{"id":11991,"date":"2025-05-06T12:40:26","date_gmt":"2025-05-06T10:40:26","guid":{"rendered":"https:\/\/adojo.de\/standorte"},"modified":"2025-05-06T13:37:15","modified_gmt":"2025-05-06T11:37:15","slug":"locations","status":"publish","type":"page","link":"https:\/\/adojo.de\/en\/locations","title":{"rendered":"Locations"},"content":{"rendered":"\t\t<div data-elementor-type=\"wp-page\" data-elementor-id=\"11991\" class=\"elementor elementor-11991 elementor-11333\" data-elementor-post-type=\"page\">\n\t\t\t\t\t\t<section class=\"elementor-section elementor-top-section elementor-element elementor-element-5fd8463a elementor-section-boxed elementor-section-height-default elementor-section-height-default\" data-id=\"5fd8463a\" data-element_type=\"section\" data-e-type=\"section\">\n\t\t\t\t\t\t<div class=\"elementor-container elementor-column-gap-default\">\n\t\t\t\t\t<div class=\"elementor-column elementor-col-100 elementor-top-column elementor-element elementor-element-24a129bc\" data-id=\"24a129bc\" data-element_type=\"column\" data-e-type=\"column\">\n\t\t\t<div class=\"elementor-widget-wrap elementor-element-populated\">\n\t\t\t\t\t\t<div class=\"elementor-element elementor-element-a8fae99 elementor-widget elementor-widget-heading\" data-id=\"a8fae99\" data-element_type=\"widget\" data-e-type=\"widget\" data-widget_type=\"heading.default\">\n\t\t\t\t<div class=\"elementor-widget-container\">\n\t\t\t\t\t<h2 class=\"elementor-heading-title elementor-size-default\">Your Online Marketing Agency in Nuremberg and Leipzig<\/h2>\t\t\t\t<\/div>\n\t\t\t\t<\/div>\n\t\t\t\t<div class=\"elementor-element elementor-element-d94dd86 elementor-widget elementor-widget-text-editor\" data-id=\"d94dd86\" data-element_type=\"widget\" data-e-type=\"widget\" data-widget_type=\"text-editor.default\">\n\t\t\t\t<div class=\"elementor-widget-container\">\n\t\t\t\t\t\t\t\t\t<p>We serve our clients throughout Germany \u2013 with established offices in Nuremberg and Leipzig. This allows us to combine local presence with national reach and guarantee personal on-site consultation.<\/p>\n\t\t\t\t\t\t\t\t<\/div>\n\t\t\t\t<\/div>\n\t\t\t\t<section class=\"elementor-section elementor-inner-section elementor-element elementor-element-fc88f40 elementor-section-boxed elementor-section-height-default elementor-section-height-default\" data-id=\"fc88f40\" data-element_type=\"section\" data-e-type=\"section\">\n\t\t\t\t\t\t<div class=\"elementor-container elementor-column-gap-default\">\n\t\t\t\t\t<div class=\"elementor-column elementor-col-50 elementor-inner-column elementor-element elementor-element-2f896b3\" data-id=\"2f896b3\" data-element_type=\"column\" data-e-type=\"column\">\n\t\t\t<div class=\"elementor-widget-wrap elementor-element-populated\">\n\t\t\t\t\t\t<div class=\"elementor-element elementor-element-ceeab42 elementor-widget elementor-widget-text-editor\" data-id=\"ceeab42\" data-element_type=\"widget\" data-e-type=\"widget\" data-widget_type=\"text-editor.default\">\n\t\t\t\t<div class=\"elementor-widget-container\">\n\t\t\t\t\t\t\t\t\t<h2>Location Nuremberg<\/h2>\n<p><\/p>\n<h2><span style=\"font-size: 21px;\">adojo GmbH<\/span><\/h2>\n<p>K\u00f6nigstra\u00dfe 87<br \/>90402 N\u00fcrnberg<br \/>Tel.: <a href=\"tel:091124030050\">0911 24030 050<\/a><br \/>Mail: <a href=\"mailto:info@adojo.de\">info@adojo.de<\/a><\/p>\n<p>Our headquarters in the heart of Nuremberg has been supporting companies from a wide range of industries for years \u2013 with customized online marketing strategies and personalized service.<\/p>\n\t\t\t\t\t\t\t\t<\/div>\n\t\t\t\t<\/div>\n\t\t\t\t<div class=\"elementor-element elementor-element-ca79036 elementor-widget elementor-widget-text-editor\" data-id=\"ca79036\" data-element_type=\"widget\" data-e-type=\"widget\" data-widget_type=\"text-editor.default\">\n\t\t\t\t<div class=\"elementor-widget-container\">\n\t\t\t\t\t\t\t\t\t<p> <div class=\"brlbs-cmpnt-container brlbs-cmpnt-content-blocker brlbs-cmpnt-with-individual-styles\" data-borlabs-cookie-content-blocker-id=\"google-maps\" data-borlabs-cookie-content=\"PGlmcmFtZSBzcmM9Imh0dHBzOi8vd3d3Lmdvb2dsZS5jb20vbWFwcy9lbWJlZD9wYj0hMW0xNCExbTghMW0zITFkMTAxNjA1Ljk5NTMyNDU2NzUxITJkMTAuOTg3ODY2MTg3NzI3MTg3ITNkNDkuNDQ2ODMzMDU2MTYwNTYhM20yITFpMTAyNCEyaTc2OCE0ZjEzLjEhM20zITFtMiExczB4NDc5ZjU3YThkNGE2NWY2ZCUzQTB4ZDZmN2U3ZTY1Nzk0MDZhYyEyc2Fkb2pvJTIwR21iSCE1ZTAhM20yITFzZGUhMnNkZSE0djE3NDU5MjAzMzcxNjUhNW0yITFzZGUhMnNkZSIgd2lkdGg9IjYwMCIgaGVpZ2h0PSI0MDAiIHN0eWxlPSJib3JkZXI6MDsiIGFsbG93ZnVsbHNjcmVlbj0iIiBsb2FkaW5nPSJsYXp5IiByZWZlcnJlcnBvbGljeT0ibm8tcmVmZXJyZXItd2hlbi1kb3duZ3JhZGUiPjwvaWZyYW1lPg==\"><div class=\"brlbs-cmpnt-cb-preset-b brlbs-cmpnt-cb-google-maps\"> <div class=\"brlbs-cmpnt-cb-thumbnail\" style=\"background-image: url('https:\/\/adojo.de\/wp-content\/uploads\/borlabs-cookie\/1\/brlbs-cb-google-maps-main.png')\"><\/div> <div class=\"brlbs-cmpnt-cb-main\"> <div class=\"brlbs-cmpnt-cb-content\"> <p class=\"brlbs-cmpnt-cb-description\">You are currently viewing a placeholder content from <strong>Google Maps<\/strong>. To access the actual content, click the button below. Please note that doing so will share data with third-party providers.<\/p> <a class=\"brlbs-cmpnt-cb-provider-toggle\" href=\"#\" data-borlabs-cookie-show-provider-information role=\"button\">More Information<\/a> <\/div> <div class=\"brlbs-cmpnt-cb-buttons\"> <a class=\"brlbs-cmpnt-cb-btn\" href=\"#\" data-borlabs-cookie-unblock role=\"button\">Unblock content<\/a> <a class=\"brlbs-cmpnt-cb-btn\" href=\"#\" data-borlabs-cookie-accept-service role=\"button\" style=\"display: inherit\">Accept required service and unblock content<\/a> <\/div> <\/div> <\/div><\/div><\/p>\n\t\t\t\t\t\t\t\t<\/div>\n\t\t\t\t<\/div>\n\t\t\t\t<div class=\"elementor-element elementor-element-1e7a3d6 elementor-widget elementor-widget-button\" data-id=\"1e7a3d6\" data-element_type=\"widget\" data-e-type=\"widget\" data-widget_type=\"button.default\">\n\t\t\t\t<div class=\"elementor-widget-container\">\n\t\t\t\t\t\t\t\t\t<div class=\"elementor-button-wrapper\">\n\t\t\t\t\t<a class=\"elementor-button elementor-button-link elementor-size-sm\" href=\"https:\/\/adojo.de\/en\/locations\/online-marketing-agentur-nuernberg\">\n\t\t\t\t\t\t<span class=\"elementor-button-content-wrapper\">\n\t\t\t\t\t\t\t\t\t<span class=\"elementor-button-text\">Discover the Nuremberg office<\/span>\n\t\t\t\t\t<\/span>\n\t\t\t\t\t<\/a>\n\t\t\t\t<\/div>\n\t\t\t\t\t\t\t\t<\/div>\n\t\t\t\t<\/div>\n\t\t\t\t\t<\/div>\n\t\t<\/div>\n\t\t\t\t<div class=\"elementor-column elementor-col-50 elementor-inner-column elementor-element elementor-element-01ca3fa\" data-id=\"01ca3fa\" data-element_type=\"column\" data-e-type=\"column\">\n\t\t\t<div class=\"elementor-widget-wrap elementor-element-populated\">\n\t\t\t\t\t\t<div class=\"elementor-element elementor-element-e698a53 elementor-widget elementor-widget-text-editor\" data-id=\"e698a53\" data-element_type=\"widget\" data-e-type=\"widget\" data-widget_type=\"text-editor.default\">\n\t\t\t\t<div class=\"elementor-widget-container\">\n\t\t\t\t\t\t\t\t\t<h2>Location Leipzig<\/h2>\n<p><\/p>\n<h2><span style=\"font-size: 21px;\">adojo GmbH<\/span><\/h2>\n<p>Essener Str. 100<br \/>04357 Leipzig<span style=\"font-size: 16px;\"><br \/>\n<\/span>Tel.: <a href=\"tel:+4934198984264\">0341 98984264<\/a><br \/>Mail: <a href=\"mailto:info@adojo.de\">info@adojo.de<\/a><\/p>\n<p>Since 2025, we\u2019ve also been present in Leipzig \u2013 bringing us even closer to our clients in Saxony and Eastern Germany. Rely on our experience in both local and national online marketing.<\/p>\n\t\t\t\t\t\t\t\t<\/div>\n\t\t\t\t<\/div>\n\t\t\t\t<div class=\"elementor-element elementor-element-d231f69 elementor-widget elementor-widget-text-editor\" data-id=\"d231f69\" data-element_type=\"widget\" data-e-type=\"widget\" data-widget_type=\"text-editor.default\">\n\t\t\t\t<div class=\"elementor-widget-container\">\n\t\t\t\t\t\t\t\t\t<p> <div class=\"brlbs-cmpnt-container brlbs-cmpnt-content-blocker brlbs-cmpnt-with-individual-styles\" data-borlabs-cookie-content-blocker-id=\"google-maps\" data-borlabs-cookie-content=\"PGlmcmFtZSBzcmM9Imh0dHBzOi8vd3d3Lmdvb2dsZS5jb20vbWFwcy9lbWJlZD9wYj0hMW0xOCExbTEyITFtMyExZDE1OTM5My40MzA2MTEyNTgxITJkMTIuMjcwNjU3Nzc4MTUxMTA2ITNkNTEuMzc1MDc3MDcxNzgzNTMhMm0zITFmMCEyZjAhM2YwITNtMiExaTEwMjQhMmk3NjghNGYxMy4xITNtMyExbTIhMXMweDQ3YTY1NzQ5ZTZmNmFjZTElM0EweDRhYjA2MzhhYjQxMWMwMDchMnNhZG9qbyUyMEdtYkghNWUwITNtMiExc2RlITJzZGUhNHYxNzQ1OTIwMjkwMzQxITVtMiExc2RlITJzZGUiIHdpZHRoPSI2MDAiIGhlaWdodD0iNDAwIiBzdHlsZT0iYm9yZGVyOjA7IiBhbGxvd2Z1bGxzY3JlZW49IiIgbG9hZGluZz0ibGF6eSIgcmVmZXJyZXJwb2xpY3k9Im5vLXJlZmVycmVyLXdoZW4tZG93bmdyYWRlIj48L2lmcmFtZT4=\"><div class=\"brlbs-cmpnt-cb-preset-b brlbs-cmpnt-cb-google-maps\"> <div class=\"brlbs-cmpnt-cb-thumbnail\" style=\"background-image: url('https:\/\/adojo.de\/wp-content\/uploads\/borlabs-cookie\/1\/brlbs-cb-google-maps-main.png')\"><\/div> <div class=\"brlbs-cmpnt-cb-main\"> <div class=\"brlbs-cmpnt-cb-content\"> <p class=\"brlbs-cmpnt-cb-description\">You are currently viewing a placeholder content from <strong>Google Maps<\/strong>. To access the actual content, click the button below. Please note that doing so will share data with third-party providers.<\/p> <a class=\"brlbs-cmpnt-cb-provider-toggle\" href=\"#\" data-borlabs-cookie-show-provider-information role=\"button\">More Information<\/a> <\/div> <div class=\"brlbs-cmpnt-cb-buttons\"> <a class=\"brlbs-cmpnt-cb-btn\" href=\"#\" data-borlabs-cookie-unblock role=\"button\">Unblock content<\/a> <a class=\"brlbs-cmpnt-cb-btn\" href=\"#\" data-borlabs-cookie-accept-service role=\"button\" style=\"display: inherit\">Accept required service and unblock content<\/a> <\/div> <\/div> <\/div><\/div><\/p>\n\t\t\t\t\t\t\t\t<\/div>\n\t\t\t\t<\/div>\n\t\t\t\t<div class=\"elementor-element elementor-element-e81ee6a elementor-widget elementor-widget-button\" data-id=\"e81ee6a\" data-element_type=\"widget\" data-e-type=\"widget\" data-widget_type=\"button.default\">\n\t\t\t\t<div class=\"elementor-widget-container\">\n\t\t\t\t\t\t\t\t\t<div class=\"elementor-button-wrapper\">\n\t\t\t\t\t<a class=\"elementor-button elementor-button-link elementor-size-sm\" href=\"https:\/\/adojo.de\/en\/locations\/online-marketing-agentur-leipzig\">\n\t\t\t\t\t\t<span class=\"elementor-button-content-wrapper\">\n\t\t\t\t\t\t\t\t\t<span class=\"elementor-button-text\">Discover the Leipzig office<\/span>\n\t\t\t\t\t<\/span>\n\t\t\t\t\t<\/a>\n\t\t\t\t<\/div>\n\t\t\t\t\t\t\t\t<\/div>\n\t\t\t\t<\/div>\n\t\t\t\t\t<\/div>\n\t\t<\/div>\n\t\t\t\t\t<\/div>\n\t\t<\/section>\n\t\t\t\t\t<\/div>\n\t\t<\/div>\n\t\t\t\t\t<\/div>\n\t\t<\/section>\n\t\t\t\t<\/div>\n\t\t","protected":false},"excerpt":{"rendered":"<p>Your Online Marketing Agency in Nuremberg and Leipzig We serve our clients throughout Germany \u2013 with established offices in Nuremberg and Leipzig. This allows us to combine local presence with national reach and guarantee personal on-site consultation. Location Nuremberg adojo GmbH K\u00f6nigstra\u00dfe 8790402 N\u00fcrnbergTel.: 0911 24030 050Mail: info@adojo.de Our headquarters in the heart of Nuremberg [&hellip;]<\/p>\n","protected":false},"author":44,"featured_media":0,"parent":0,"menu_order":0,"comment_status":"closed","ping_status":"closed","template":"","meta":{"inline_featured_image":false,"site-sidebar-layout":"no-sidebar","site-content-layout":"page-builder","ast-site-content-layout":"full-width-container","site-content-style":"unboxed","site-sidebar-style":"unboxed","ast-global-header-display":"","ast-banner-title-visibility":"","ast-main-header-display":"","ast-hfb-above-header-display":"","ast-hfb-below-header-display":"","ast-hfb-mobile-header-display":"","site-post-title":"disabled","ast-breadcrumbs-content":"","ast-featured-img":"disabled","footer-sml-layout":"","ast-disable-related-posts":"","theme-transparent-header-meta":"default","adv-header-id-meta":"","stick-header-meta":"default","header-above-stick-meta":"","header-main-stick-meta":"","header-below-stick-meta":"","astra-migrate-meta-layouts":"set","ast-page-background-enabled":"default","ast-page-background-meta":{"desktop":{"background-color":"","background-image":"","background-repeat":"repeat","background-position":"center center","background-size":"auto","background-attachment":"scroll","background-type":"","background-media":"","overlay-type":"","overlay-color":"","overlay-opacity":"","overlay-gradient":""},"tablet":{"background-color":"","background-image":"","background-repeat":"repeat","background-position":"center center","background-size":"auto","background-attachment":"scroll","background-type":"","background-media":"","overlay-type":"","overlay-color":"","overlay-opacity":"","overlay-gradient":""},"mobile":{"background-color":"","background-image":"","background-repeat":"repeat","background-position":"center center","background-size":"auto","background-attachment":"scroll","background-type":"","background-media":"","overlay-type":"","overlay-color":"","overlay-opacity":"","overlay-gradient":""}},"ast-content-background-meta":{"desktop":{"background-color":"var(--ast-global-color-5)","background-image":"","background-repeat":"repeat","background-position":"center center","background-size":"auto","background-attachment":"scroll","background-type":"","background-media":"","overlay-type":"","overlay-color":"","overlay-opacity":"","overlay-gradient":""},"tablet":{"background-color":"var(--ast-global-color-5)","background-image":"","background-repeat":"repeat","background-position":"center center","background-size":"auto","background-attachment":"scroll","background-type":"","background-media":"","overlay-type":"","overlay-color":"","overlay-opacity":"","overlay-gradient":""},"mobile":{"background-color":"var(--ast-global-color-5)","background-image":"","background-repeat":"repeat","background-position":"center center","background-size":"auto","background-attachment":"scroll","background-type":"","background-media":"","overlay-type":"","overlay-color":"","overlay-opacity":"","overlay-gradient":""}},"footnotes":""},"class_list":["post-11991","page","type-page","status-publish","hentry"],"yoast_head":"<!-- This site is optimized with the Yoast SEO plugin v27.2 - https:\/\/yoast.com\/product\/yoast-seo-wordpress\/ -->\n<title>Online Marketing Agency in Nuremberg &amp; Leipzig \u2013 adojo GmbH | Regional &amp; National<\/title>\n<meta name=\"description\" content=\"adojo is your online marketing agency with offices in Nuremberg and Leipzig. Personal on-site consultation combined with effective digital strategies for all of Germany.\" \/>\n<meta name=\"robots\" content=\"index, follow, max-snippet:-1, max-image-preview:large, max-video-preview:-1\" \/>\n<link rel=\"canonical\" href=\"https:\/\/adojo.de\/standorte\" \/>\n<meta property=\"og:locale\" content=\"en_US\" \/>\n<meta property=\"og:type\" content=\"article\" \/>\n<meta property=\"og:title\" content=\"Online Marketing Agency in Nuremberg &amp; Leipzig \u2013 adojo GmbH | Regional &amp; National\" \/>\n<meta property=\"og:description\" content=\"adojo is your online marketing agency with offices in Nuremberg and Leipzig. Personal on-site consultation combined with effective digital strategies for all of Germany.\" \/>\n<meta property=\"og:url\" content=\"https:\/\/adojo.de\/standorte\" \/>\n<meta property=\"og:site_name\" content=\"adojo GmbH\" \/>\n<meta property=\"article:modified_time\" content=\"2025-05-06T11:37:15+00:00\" \/>\n<meta name=\"twitter:card\" content=\"summary_large_image\" \/>\n<meta name=\"twitter:label1\" content=\"Est. reading time\" \/>\n\t<meta name=\"twitter:data1\" content=\"1 minute\" \/>\n<script type=\"application\/ld+json\" class=\"yoast-schema-graph\">{\"@context\":\"https:\/\/schema.org\",\"@graph\":[{\"@type\":\"WebPage\",\"@id\":\"https:\/\/adojo.de\/standorte\",\"url\":\"https:\/\/adojo.de\/standorte\",\"name\":\"Online Marketing Agency in Nuremberg & Leipzig \u2013 adojo GmbH | Regional & National\",\"isPartOf\":{\"@id\":\"https:\/\/adojo.de\/#website\"},\"datePublished\":\"2025-05-06T10:40:26+00:00\",\"dateModified\":\"2025-05-06T11:37:15+00:00\",\"description\":\"adojo is your online marketing agency with offices in Nuremberg and Leipzig. Personal on-site consultation combined with effective digital strategies for all of Germany.\",\"breadcrumb\":{\"@id\":\"https:\/\/adojo.de\/standorte#breadcrumb\"},\"inLanguage\":\"en-US\",\"potentialAction\":[{\"@type\":\"ReadAction\",\"target\":[\"https:\/\/adojo.de\/standorte\"]}]},{\"@type\":\"BreadcrumbList\",\"@id\":\"https:\/\/adojo.de\/standorte#breadcrumb\",\"itemListElement\":[{\"@type\":\"ListItem\",\"position\":1,\"name\":\"Startseite\",\"item\":\"https:\/\/adojo.de\/\"},{\"@type\":\"ListItem\",\"position\":2,\"name\":\"Locations\"}]},{\"@type\":\"WebSite\",\"@id\":\"https:\/\/adojo.de\/#website\",\"url\":\"https:\/\/adojo.de\/\",\"name\":\"adojo GmbH\",\"description\":\"\",\"publisher\":{\"@id\":\"https:\/\/adojo.de\/#organization\"},\"potentialAction\":[{\"@type\":\"SearchAction\",\"target\":{\"@type\":\"EntryPoint\",\"urlTemplate\":\"https:\/\/adojo.de\/?s={search_term_string}\"},\"query-input\":{\"@type\":\"PropertyValueSpecification\",\"valueRequired\":true,\"valueName\":\"search_term_string\"}}],\"inLanguage\":\"en-US\"},{\"@type\":\"Organization\",\"@id\":\"https:\/\/adojo.de\/#organization\",\"name\":\"adojo GmbH\",\"url\":\"https:\/\/adojo.de\/\",\"logo\":{\"@type\":\"ImageObject\",\"inLanguage\":\"en-US\",\"@id\":\"https:\/\/adojo.de\/#\/schema\/logo\/image\/\",\"url\":\"https:\/\/adojo.de\/wp-content\/uploads\/2020\/09\/cropped-LogoWeb-2.png\",\"contentUrl\":\"https:\/\/adojo.de\/wp-content\/uploads\/2020\/09\/cropped-LogoWeb-2.png\",\"width\":400,\"height\":400,\"caption\":\"adojo GmbH\"},\"image\":{\"@id\":\"https:\/\/adojo.de\/#\/schema\/logo\/image\/\"}}]}<\/script>\n<!-- \/ Yoast SEO plugin. -->","yoast_head_json":{"title":"Online Marketing Agency in Nuremberg & Leipzig \u2013 adojo GmbH | Regional & National","description":"adojo is your online marketing agency with offices in Nuremberg and Leipzig. Personal on-site consultation combined with effective digital strategies for all of Germany.","robots":{"index":"index","follow":"follow","max-snippet":"max-snippet:-1","max-image-preview":"max-image-preview:large","max-video-preview":"max-video-preview:-1"},"canonical":"https:\/\/adojo.de\/standorte","og_locale":"en_US","og_type":"article","og_title":"Online Marketing Agency in Nuremberg & Leipzig \u2013 adojo GmbH | Regional & National","og_description":"adojo is your online marketing agency with offices in Nuremberg and Leipzig. Personal on-site consultation combined with effective digital strategies for all of Germany.","og_url":"https:\/\/adojo.de\/standorte","og_site_name":"adojo GmbH","article_modified_time":"2025-05-06T11:37:15+00:00","twitter_card":"summary_large_image","twitter_misc":{"Est. reading time":"1 minute"},"schema":{"@context":"https:\/\/schema.org","@graph":[{"@type":"WebPage","@id":"https:\/\/adojo.de\/standorte","url":"https:\/\/adojo.de\/standorte","name":"Online Marketing Agency in Nuremberg & Leipzig \u2013 adojo GmbH | Regional & National","isPartOf":{"@id":"https:\/\/adojo.de\/#website"},"datePublished":"2025-05-06T10:40:26+00:00","dateModified":"2025-05-06T11:37:15+00:00","description":"adojo is your online marketing agency with offices in Nuremberg and Leipzig. Personal on-site consultation combined with effective digital strategies for all of Germany.","breadcrumb":{"@id":"https:\/\/adojo.de\/standorte#breadcrumb"},"inLanguage":"en-US","potentialAction":[{"@type":"ReadAction","target":["https:\/\/adojo.de\/standorte"]}]},{"@type":"BreadcrumbList","@id":"https:\/\/adojo.de\/standorte#breadcrumb","itemListElement":[{"@type":"ListItem","position":1,"name":"Startseite","item":"https:\/\/adojo.de\/"},{"@type":"ListItem","position":2,"name":"Locations"}]},{"@type":"WebSite","@id":"https:\/\/adojo.de\/#website","url":"https:\/\/adojo.de\/","name":"adojo GmbH","description":"","publisher":{"@id":"https:\/\/adojo.de\/#organization"},"potentialAction":[{"@type":"SearchAction","target":{"@type":"EntryPoint","urlTemplate":"https:\/\/adojo.de\/?s={search_term_string}"},"query-input":{"@type":"PropertyValueSpecification","valueRequired":true,"valueName":"search_term_string"}}],"inLanguage":"en-US"},{"@type":"Organization","@id":"https:\/\/adojo.de\/#organization","name":"adojo GmbH","url":"https:\/\/adojo.de\/","logo":{"@type":"ImageObject","inLanguage":"en-US","@id":"https:\/\/adojo.de\/#\/schema\/logo\/image\/","url":"https:\/\/adojo.de\/wp-content\/uploads\/2020\/09\/cropped-LogoWeb-2.png","contentUrl":"https:\/\/adojo.de\/wp-content\/uploads\/2020\/09\/cropped-LogoWeb-2.png","width":400,"height":400,"caption":"adojo GmbH"},"image":{"@id":"https:\/\/adojo.de\/#\/schema\/logo\/image\/"}}]}},"_links":{"self":[{"href":"https:\/\/adojo.de\/en\/wp-json\/wp\/v2\/pages\/11991","targetHints":{"allow":["GET"]}}],"collection":[{"href":"https:\/\/adojo.de\/en\/wp-json\/wp\/v2\/pages"}],"about":[{"href":"https:\/\/adojo.de\/en\/wp-json\/wp\/v2\/types\/page"}],"author":[{"embeddable":true,"href":"https:\/\/adojo.de\/en\/wp-json\/wp\/v2\/users\/44"}],"replies":[{"embeddable":true,"href":"https:\/\/adojo.de\/en\/wp-json\/wp\/v2\/comments?post=11991"}],"version-history":[{"count":6,"href":"https:\/\/adojo.de\/en\/wp-json\/wp\/v2\/pages\/11991\/revisions"}],"predecessor-version":[{"id":12002,"href":"https:\/\/adojo.de\/en\/wp-json\/wp\/v2\/pages\/11991\/revisions\/12002"}],"wp:attachment":[{"href":"https:\/\/adojo.de\/en\/wp-json\/wp\/v2\/media?parent=11991"}],"curies":[{"name":"wp","href":"https:\/\/api.w.org\/{rel}","templated":true}]}}